{"id":2067,"date":"2020-09-07T14:29:55","date_gmt":"2020-09-07T12:29:55","guid":{"rendered":"https:\/\/lyocake.com\/internet-magazin\/"},"modified":"2020-09-07T16:14:52","modified_gmt":"2020-09-07T14:14:52","slug":"internet-magazin","status":"publish","type":"page","link":"https:\/\/lyocake.com\/ru\/internet-magazin\/","title":{"rendered":"\u0418\u043d\u0442\u0435\u0440\u043d\u0435\u0442-\u043c\u0430\u0433\u0430\u0437\u0438\u043d"},"content":{"rendered":"<div id='av_section_1'  class='avia-section main_color avia-section-default avia-no-border-styling  avia-bg-style-scroll  avia-builder-el-0  el_before_av_section  avia-builder-el-first   container_wrap sidebar_right' style='background-color: #fcfcfc;  '  ><div class='container' ><main  role=\"main\" itemprop=\"mainContentOfPage\"  class='template-page content  av-content-small alpha units'><div class='post-entry post-entry-type-page post-entry-2067'><div class='entry-content-wrapper clearfix'>\n<div class=\"flex_column av_one_full  flex_column_div av-zero-column-padding first  avia-builder-el-1  avia-builder-el-no-sibling  \" style='border-radius:0px; '><div   data-autoplay=''  data-interval='5'  data-animation='fade'  data-hoverpause='1'  class='template-shop avia-content-slider avia-content-grid-active avia-product-slider1 avia-content-slider-even  avia-builder-el-2  avia-builder-el-no-sibling   shop_columns_4' ><div class='product-sorting'><ul class='sort-param sort-param-order'><li><span class='currently-selected'>Sortirovat\u044c po <strong>Po umol\u010dani\u044e<\/strong><\/span><ul><li class='current-param'><a href='?avia_extended_shop_select=yes&product_order=default' rel=\"nofollow\"><span class='avia-bullet'><\/span>Po umol\u010dani\u044e<\/a><\/li><li><a href='?avia_extended_shop_select=yes&product_order=menu_order' rel=\"nofollow\"><span class='avia-bullet'><\/span>Svo\u0439 variant<\/a><\/li><li><a href='?avia_extended_shop_select=yes&product_order=title' rel=\"nofollow\"><span class='avia-bullet'><\/span>Nazvanie<\/a><\/li><li><a href='?avia_extended_shop_select=yes&product_order=price' rel=\"nofollow\"><span class='avia-bullet'><\/span>Cena<\/a><\/li><li><a href='?avia_extended_shop_select=yes&product_order=date' rel=\"nofollow\"><span class='avia-bullet'><\/span>Data<\/a><\/li><li><a href='?avia_extended_shop_select=yes&product_order=popularity' rel=\"nofollow\"><span class='avia-bullet'><\/span>Popularity (sales)<\/a><\/li><li><a href='?avia_extended_shop_select=yes&product_order=rating' rel=\"nofollow\"><span class='avia-bullet'><\/span>Average rating<\/a><\/li><li><a href='?avia_extended_shop_select=yes&product_order=relevance' rel=\"nofollow\"><span class='avia-bullet'><\/span>Relevance<\/a><\/li><li><a href='?avia_extended_shop_select=yes&product_order=rand' rel=\"nofollow\"><span class='avia-bullet'><\/span>Proizvol\u044cno<\/a><\/li><li><a href='?avia_extended_shop_select=yes&product_order=id' rel=\"nofollow\"><span class='avia-bullet'><\/span>Product ID<\/a><\/li><\/ul><\/li><\/ul><ul class='sort-param sort-param-count'><li><span class='currently-selected'>Pokazat\u044c <strong>20 Tovarov na stranice<\/strong><\/span><ul><li class='current-param'><a href='?paged=1&avia_extended_shop_select=yes&product_count=20' rel=\"nofollow\">\t\t<span class='avia-bullet'><\/span>20 Tovarov na stranice<\/a><\/li><li><a href='?paged=1&avia_extended_shop_select=yes&product_count=40' rel=\"nofollow\">\t<span class='avia-bullet'><\/span>40 Tovarov na stranice<\/a><\/li><li><a href='?paged=1&avia_extended_shop_select=yes&product_count=60' rel=\"nofollow\">\t<span class='avia-bullet'><\/span>60 Tovarov na stranice<\/a><\/li><\/ul><\/li><\/ul><\/div><div class='avia-content-slider-inner'><ul class=\"products\"><li class=\"product type-product post-2679 status-publish first instock product_cat-banana product_cat-keks has-post-thumbnail shipping-taxable purchasable product-type-simple\">\n\t<div class='inner_product main_color wrapped_style noLightbox  av-product-class-'><a href=\"https:\/\/lyocake.com\/ru\/proizvod\/banana\/\" class=\"woocommerce-LoopProduct-link woocommerce-loop-product__link\"><div class='thumbnail_container'><img decoding=\"async\" width=\"450\" height=\"450\" src=\"https:\/\/lyocake.com\/wp-content\/uploads\/2025\/03\/Liofilizovana-Banana-450x450.webp\" class=\"wp-image-3220 avia-img-lazy-loading-not-3220 attachment-shop_catalog size-shop_catalog wp-post-image\" alt=\"\" srcset=\"https:\/\/lyocake.com\/wp-content\/uploads\/2025\/03\/Liofilizovana-Banana-450x450.webp 450w, https:\/\/lyocake.com\/wp-content\/uploads\/2025\/03\/Liofilizovana-Banana-300x300.webp 300w, https:\/\/lyocake.com\/wp-content\/uploads\/2025\/03\/Liofilizovana-Banana-80x80.webp 80w, https:\/\/lyocake.com\/wp-content\/uploads\/2025\/03\/Liofilizovana-Banana-36x36.webp 36w, https:\/\/lyocake.com\/wp-content\/uploads\/2025\/03\/Liofilizovana-Banana-180x180.webp 180w, https:\/\/lyocake.com\/wp-content\/uploads\/2025\/03\/Liofilizovana-Banana-120x120.webp 120w, https:\/\/lyocake.com\/wp-content\/uploads\/2025\/03\/Liofilizovana-Banana-100x100.webp 100w, https:\/\/lyocake.com\/wp-content\/uploads\/2025\/03\/Liofilizovana-Banana.webp 500w\" sizes=\"(max-width: 450px) 100vw, 450px\" title=\"\" loading=\"lazy\"><span class='cart-loading'><\/span><\/div><div class='inner_product_header'><div class='avia-arrow'><\/div><div class='inner_product_header_table'><div class='inner_product_header_cell'><h2 class=\"woocommerce-loop-product__title\">Banana<\/h2><div class=\"woocommerce-product-details__short-description\">\n\t<p style=\"text-align: center;\">Liofilizovana banana<br \/>\nu obliku rinfuza<br \/>\n<strong>30 g<\/strong><\/p>\n<\/div>\n\n\t<span class=\"price\"><span class=\"woocommerce-Price-amount amount\"><bdi>250.00&nbsp;<span class=\"woocommerce-Price-currencySymbol\">RSD<\/span><\/bdi><\/span><\/span>\n<\/div><\/div><\/div><\/a><div class='avia_cart_buttons '><a href=\"\/ru\/wp-json\/wp\/v2\/pages\/2067?add-to-cart=2679\" aria-describedby=\"woocommerce_loop_add_to_cart_link_describedby_2679\" data-quantity=\"1\" class=\"button product_type_simple add_to_cart_button ajax_add_to_cart\" data-product_id=\"2679\" data-product_sku=\"\" aria-label=\"Dobavit\u044c v korzinu &ldquo;Banana&rdquo;\" rel=\"nofollow\" data-success_message=\"\u00abBanana\u00bb dobavlen v va\u0161u korzinu\" role=\"button\"><span aria-hidden='true' data-av_icon='\ue859' data-av_iconfont='entypo-fontello'><\/span> V korzinu<\/a>\t<span id=\"woocommerce_loop_add_to_cart_link_describedby_2679\" class=\"screen-reader-text\">\n\t\t\t<\/span>\n<a class=\"button show_details_button\" href=\"https:\/\/lyocake.com\/ru\/proizvod\/banana\/\"><span aria-hidden='true' data-av_icon='\ue84b' data-av_iconfont='entypo-fontello'><\/span>  Pokazat\u044c podrobnosti<\/a> <span class='button-mini-delimiter'><\/span><\/div><\/div><\/li>\n<li class=\"product type-product post-1955 status-publish instock product_cat-naspno has-post-thumbnail shipping-taxable purchasable product-type-simple\">\n\t<div class='inner_product main_color wrapped_style noLightbox  av-product-class-'><a href=\"https:\/\/lyocake.com\/ru\/\u043f\u0440\u043e\u0434\u0443\u043a\u0442\/klubnika\/\" class=\"woocommerce-LoopProduct-link woocommerce-loop-product__link\"><div class='thumbnail_container'><img decoding=\"async\" width=\"450\" height=\"450\" src=\"https:\/\/lyocake.com\/wp-content\/uploads\/2025\/03\/Liofilizovana-Jagoda-450x450.webp\" class=\"wp-image-3184 avia-img-lazy-loading-not-3184 attachment-shop_catalog size-shop_catalog wp-post-image\" alt=\"\" srcset=\"https:\/\/lyocake.com\/wp-content\/uploads\/2025\/03\/Liofilizovana-Jagoda-450x450.webp 450w, https:\/\/lyocake.com\/wp-content\/uploads\/2025\/03\/Liofilizovana-Jagoda-300x300.webp 300w, https:\/\/lyocake.com\/wp-content\/uploads\/2025\/03\/Liofilizovana-Jagoda-80x80.webp 80w, https:\/\/lyocake.com\/wp-content\/uploads\/2025\/03\/Liofilizovana-Jagoda-36x36.webp 36w, https:\/\/lyocake.com\/wp-content\/uploads\/2025\/03\/Liofilizovana-Jagoda-180x180.webp 180w, https:\/\/lyocake.com\/wp-content\/uploads\/2025\/03\/Liofilizovana-Jagoda-120x120.webp 120w, https:\/\/lyocake.com\/wp-content\/uploads\/2025\/03\/Liofilizovana-Jagoda-100x100.webp 100w, https:\/\/lyocake.com\/wp-content\/uploads\/2025\/03\/Liofilizovana-Jagoda.webp 500w\" sizes=\"(max-width: 450px) 100vw, 450px\" title=\"\" loading=\"lazy\"><span class='cart-loading'><\/span><\/div><div class='inner_product_header'><div class='avia-arrow'><\/div><div class='inner_product_header_table'><div class='inner_product_header_cell'><h2 class=\"woocommerce-loop-product__title\">K\u043b\u0443\u0431\u043d\u0438\u043a\u0430<\/h2><div class=\"woocommerce-product-details__short-description\">\n\t<p style=\"text-align: center;\">\u041b\u0438\u043e\u0444\u0438\u043b\u0438\u0437\u0438\u0440\u043e\u0432\u0430\u043d\u043d\u0430\u044f \u043a\u043b\u0443\u0431\u043d\u0438\u043a\u0430<br \/>\n\u0432 \u043d\u0435\u0444\u0430\u0441\u043e\u0432\u0430\u043d\u043d\u043e\u043c \u0432\u0438\u0434\u0435<br \/>\n<strong>25 g<\/strong><\/p>\n<\/div>\n\n\t<span class=\"price\"><span class=\"woocommerce-Price-amount amount\"><bdi>330.00&nbsp;<span class=\"woocommerce-Price-currencySymbol\">RSD<\/span><\/bdi><\/span><\/span>\n<\/div><\/div><\/div><\/a><div class='avia_cart_buttons '><a href=\"\/ru\/wp-json\/wp\/v2\/pages\/2067?add-to-cart=1955\" aria-describedby=\"woocommerce_loop_add_to_cart_link_describedby_1955\" data-quantity=\"1\" class=\"button product_type_simple add_to_cart_button ajax_add_to_cart\" data-product_id=\"1955\" data-product_sku=\"\" aria-label=\"Dobavit\u044c v korzinu &ldquo;K\u043b\u0443\u0431\u043d\u0438\u043a\u0430&rdquo;\" rel=\"nofollow\" data-success_message=\"\u00abK\u043b\u0443\u0431\u043d\u0438\u043a\u0430\u00bb dobavlen v va\u0161u korzinu\" role=\"button\"><span aria-hidden='true' data-av_icon='\ue859' data-av_iconfont='entypo-fontello'><\/span> V korzinu<\/a>\t<span id=\"woocommerce_loop_add_to_cart_link_describedby_1955\" class=\"screen-reader-text\">\n\t\t\t<\/span>\n<a class=\"button show_details_button\" href=\"https:\/\/lyocake.com\/ru\/\u043f\u0440\u043e\u0434\u0443\u043a\u0442\/klubnika\/\"><span aria-hidden='true' data-av_icon='\ue84b' data-av_iconfont='entypo-fontello'><\/span>  Pokazat\u044c podrobnosti<\/a> <span class='button-mini-delimiter'><\/span><\/div><\/div><\/li>\n<li class=\"product type-product post-1952 status-publish instock product_cat-naspno has-post-thumbnail shipping-taxable purchasable product-type-simple\">\n\t<div class='inner_product main_color wrapped_style noLightbox  av-product-class-'><a href=\"https:\/\/lyocake.com\/ru\/\u043f\u0440\u043e\u0434\u0443\u043a\u0442\/malina\/\" class=\"woocommerce-LoopProduct-link woocommerce-loop-product__link\"><div class='thumbnail_container'><img decoding=\"async\" width=\"450\" height=\"450\" src=\"https:\/\/lyocake.com\/wp-content\/uploads\/2025\/03\/Liofilizovana-Malina-450x450.webp\" class=\"wp-image-3200 avia-img-lazy-loading-not-3200 attachment-shop_catalog size-shop_catalog wp-post-image\" alt=\"\" srcset=\"https:\/\/lyocake.com\/wp-content\/uploads\/2025\/03\/Liofilizovana-Malina-450x450.webp 450w, https:\/\/lyocake.com\/wp-content\/uploads\/2025\/03\/Liofilizovana-Malina-300x300.webp 300w, https:\/\/lyocake.com\/wp-content\/uploads\/2025\/03\/Liofilizovana-Malina-80x80.webp 80w, https:\/\/lyocake.com\/wp-content\/uploads\/2025\/03\/Liofilizovana-Malina-36x36.webp 36w, https:\/\/lyocake.com\/wp-content\/uploads\/2025\/03\/Liofilizovana-Malina-180x180.webp 180w, https:\/\/lyocake.com\/wp-content\/uploads\/2025\/03\/Liofilizovana-Malina-120x120.webp 120w, https:\/\/lyocake.com\/wp-content\/uploads\/2025\/03\/Liofilizovana-Malina-100x100.webp 100w, https:\/\/lyocake.com\/wp-content\/uploads\/2025\/03\/Liofilizovana-Malina.webp 500w\" sizes=\"(max-width: 450px) 100vw, 450px\" title=\"\" loading=\"lazy\"><span class='cart-loading'><\/span><\/div><div class='inner_product_header'><div class='avia-arrow'><\/div><div class='inner_product_header_table'><div class='inner_product_header_cell'><h2 class=\"woocommerce-loop-product__title\">\u041c\u0430\u043b\u0438\u043d\u0430<\/h2><div class=\"woocommerce-product-details__short-description\">\n\t<p style=\"text-align: center;\">\u041b\u0438\u043e\u0444\u0438\u043b\u0438\u0437\u0438\u0440\u043e\u0432\u0430\u043d\u043d\u0430\u044f \u043c\u0430\u043b\u0438\u043d\u0430<br \/>\n\u0432 \u043d\u0435\u0444\u0430\u0441\u043e\u0432\u0430\u043d\u043d\u043e\u043c \u0432\u0438\u0434\u0435<br \/>\n<strong>25 g<\/strong><\/p>\n<\/div>\n\n\t<span class=\"price\"><span class=\"woocommerce-Price-amount amount\"><bdi>356.00&nbsp;<span class=\"woocommerce-Price-currencySymbol\">RSD<\/span><\/bdi><\/span><\/span>\n<\/div><\/div><\/div><\/a><div class='avia_cart_buttons '><a href=\"\/ru\/wp-json\/wp\/v2\/pages\/2067?add-to-cart=1952\" aria-describedby=\"woocommerce_loop_add_to_cart_link_describedby_1952\" data-quantity=\"1\" class=\"button product_type_simple add_to_cart_button ajax_add_to_cart\" data-product_id=\"1952\" data-product_sku=\"\" aria-label=\"Dobavit\u044c v korzinu &ldquo;\u041c\u0430\u043b\u0438\u043d\u0430&rdquo;\" rel=\"nofollow\" data-success_message=\"\u00ab\u041c\u0430\u043b\u0438\u043d\u0430\u00bb dobavlen v va\u0161u korzinu\" role=\"button\"><span aria-hidden='true' data-av_icon='\ue859' data-av_iconfont='entypo-fontello'><\/span> V korzinu<\/a>\t<span id=\"woocommerce_loop_add_to_cart_link_describedby_1952\" class=\"screen-reader-text\">\n\t\t\t<\/span>\n<a class=\"button show_details_button\" href=\"https:\/\/lyocake.com\/ru\/\u043f\u0440\u043e\u0434\u0443\u043a\u0442\/malina\/\"><span aria-hidden='true' data-av_icon='\ue84b' data-av_iconfont='entypo-fontello'><\/span>  Pokazat\u044c podrobnosti<\/a> <span class='button-mini-delimiter'><\/span><\/div><\/div><\/li>\n<li class=\"product type-product post-2153 status-publish last instock product_cat-pl has-post-thumbnail featured shipping-taxable purchasable product-type-simple\">\n\t<div class='inner_product main_color wrapped_style noLightbox  av-product-class-'><a href=\"https:\/\/lyocake.com\/ru\/\u043f\u0440\u043e\u0434\u0443\u043a\u0442\/s%d1%8bvorotka-vecepakovanje\/\" class=\"woocommerce-LoopProduct-link woocommerce-loop-product__link\"><div class='thumbnail_container'><img decoding=\"async\" width=\"450\" height=\"450\" src=\"https:\/\/lyocake.com\/wp-content\/uploads\/2025\/03\/Liofilizovana-Surutka-450x450.webp\" class=\"wp-image-3203 avia-img-lazy-loading-not-3203 attachment-shop_catalog size-shop_catalog wp-post-image\" alt=\"\" srcset=\"https:\/\/lyocake.com\/wp-content\/uploads\/2025\/03\/Liofilizovana-Surutka-450x450.webp 450w, https:\/\/lyocake.com\/wp-content\/uploads\/2025\/03\/Liofilizovana-Surutka-300x300.webp 300w, https:\/\/lyocake.com\/wp-content\/uploads\/2025\/03\/Liofilizovana-Surutka-80x80.webp 80w, https:\/\/lyocake.com\/wp-content\/uploads\/2025\/03\/Liofilizovana-Surutka-36x36.webp 36w, https:\/\/lyocake.com\/wp-content\/uploads\/2025\/03\/Liofilizovana-Surutka-180x180.webp 180w, https:\/\/lyocake.com\/wp-content\/uploads\/2025\/03\/Liofilizovana-Surutka-120x120.webp 120w, https:\/\/lyocake.com\/wp-content\/uploads\/2025\/03\/Liofilizovana-Surutka-100x100.webp 100w, https:\/\/lyocake.com\/wp-content\/uploads\/2025\/03\/Liofilizovana-Surutka.webp 500w\" sizes=\"(max-width: 450px) 100vw, 450px\" title=\"\" loading=\"lazy\"><span class='cart-loading'><\/span><\/div><div class='inner_product_header'><div class='avia-arrow'><\/div><div class='inner_product_header_table'><div class='inner_product_header_cell'><h2 class=\"woocommerce-loop-product__title\">\u0421\u044b\u0432\u043e\u0440\u043e\u0442\u043a\u0430<\/h2><div class=\"woocommerce-product-details__short-description\">\n\t<p style=\"text-align: center;\">\u041b\u0438\u043e\u0444\u0438\u043b\u0438\u0437\u0438\u0440\u043e\u0432\u0430\u043d\u043d\u0430\u044f \u043a\u043e\u0437\u044c\u044f<br \/>\n\u0441\u044b\u0432\u043e\u0440\u043e\u0442\u043a\u0430 \u043f\u043e\u0440\u043e\u0448\u043e\u043a<br \/>\n<strong>100 g<\/strong><\/p>\n<\/div>\n\n\t<span class=\"price\"><span class=\"woocommerce-Price-amount amount\"><bdi>2,500.00&nbsp;<span class=\"woocommerce-Price-currencySymbol\">RSD<\/span><\/bdi><\/span><\/span>\n<\/div><\/div><\/div><\/a><div class='avia_cart_buttons '><a href=\"\/ru\/wp-json\/wp\/v2\/pages\/2067?add-to-cart=2153\" aria-describedby=\"woocommerce_loop_add_to_cart_link_describedby_2153\" data-quantity=\"1\" class=\"button product_type_simple add_to_cart_button ajax_add_to_cart\" data-product_id=\"2153\" data-product_sku=\"\" aria-label=\"Dobavit\u044c v korzinu &ldquo;\u0421\u044b\u0432\u043e\u0440\u043e\u0442\u043a\u0430&rdquo;\" rel=\"nofollow\" data-success_message=\"\u00ab\u0421\u044b\u0432\u043e\u0440\u043e\u0442\u043a\u0430\u00bb dobavlen v va\u0161u korzinu\" role=\"button\"><span aria-hidden='true' data-av_icon='\ue859' data-av_iconfont='entypo-fontello'><\/span> V korzinu<\/a>\t<span id=\"woocommerce_loop_add_to_cart_link_describedby_2153\" class=\"screen-reader-text\">\n\t\t\t<\/span>\n<a class=\"button show_details_button\" href=\"https:\/\/lyocake.com\/ru\/\u043f\u0440\u043e\u0434\u0443\u043a\u0442\/s%d1%8bvorotka-vecepakovanje\/\"><span aria-hidden='true' data-av_icon='\ue84b' data-av_iconfont='entypo-fontello'><\/span>  Pokazat\u044c podrobnosti<\/a> <span class='button-mini-delimiter'><\/span><\/div><\/div><\/li>\n<\/ul><\/div><\/div><div class=\"clear\"><\/div><\/div>\n\n<div id='av_section_2'  class='avia-section alternate_color avia-section-huge avia-no-border-styling  avia-full-stretch av-parallax-section avia-bg-style-parallax  avia-builder-el-0  el_before_av_section  avia-builder-el-first   av-minimum-height av-minimum-height-custom  container_wrap sidebar_right' style=' '  data-section-bg-repeat='stretch'><div class='av-parallax' data-avia-parallax-ratio='0.3' ><div class='av-parallax-inner alternate_color  avia-full-stretch' style = 'background-repeat: no-repeat; background-image: url(https:\/\/lyocake.com\/wp-content\/uploads\/2019\/11\/Parlax8.jpg);background-attachment: scroll; background-position: center center; ' ><\/div><\/div><div class='container' style='height:300px'><main  role=\"main\" itemprop=\"mainContentOfPage\"  class='template-page content  av-content-small alpha units'><div class='post-entry post-entry-type-page post-entry-2067'><div class='entry-content-wrapper clearfix'>\n<div class=\"flex_column av_one_half  flex_column_div av-zero-column-padding first  avia-builder-el-1  el_before_av_one_half  avia-builder-el-first  \" style='border-radius:0px; '><p><div  style='padding-bottom:20px; font-size:50px;' class='av-special-heading av-special-heading-h2  blockquote modern-quote  av-inherit-size '><h2 class='av-special-heading-tag '  itemprop=\"headline\"  ><u>Proizvod je 100 % prirodan<\/u><\/h2><div class='special-heading-border'><div class='special-heading-inner-border' ><\/div><\/div><\/div><br \/>\n<section class=\"av_textblock_section \"  itemscope=\"itemscope\" itemtype=\"https:\/\/schema.org\/CreativeWork\" ><div class='avia_textblock  av_inherit_color '  style='color:#ffffff; '  itemprop=\"text\" ><p>Ovu tehnologiju je prva\u00a0 po\u010dela da koristi NASA-i, da\u00a0 hrane kosmonaute,<br \/>\njer su proizvodi\u00a0 lagani\u00a0 i nekvarljivi. U novije vreme koristi ih vojska, moreplovci, nauti\u010dari i po\u010dela je naglo konvencionalna upotreba.<\/p>\n<p>U bilo kom slu\u010daju ne postoji nikakav aditiv, proizvod je 100% prirodan. Lagan je, prakti\u010dan, mo\u017ee se poneti kao obrok na putovanjima.<\/p>\n<\/div><\/section><\/p><\/div><div class=\"flex_column av_one_half  flex_column_div av-zero-column-padding   \" style='border-radius:0px; '><\/div>\n\n","protected":false},"excerpt":{"rendered":"","protected":false},"author":2,"featured_media":0,"parent":0,"menu_order":0,"comment_status":"closed","ping_status":"closed","template":"","meta":{"footnotes":""},"class_list":["post-2067","page","type-page","status-publish","hentry"],"rankMath":{"parentDomain":"lyocake.com","noFollowDomains":[],"noFollowExcludeDomains":[],"noFollowExternalLinks":false,"featuredImageNotice":"Pokazannoe izobra\u017eenie dol\u017eno b\u044bt\u044c razmerom ne menee 200 na 200 piksele\u0439, \u010dtob\u044b ego mogli uvidet\u044c Facebook i drugie sa\u0439t\u044b social\u044cn\u044bh sete\u0439.","pluginReviewed":true,"postSettings":{"linkSuggestions":true,"useFocusKeyword":false},"frontEndScore":false,"postName":"s%d1%8bvorotka-vecepakovanje","permalinkFormat":"https:\/\/lyocake.com\/ru\/\u043f\u0440\u043e\u0434\u0443\u043a\u0442\/%product%\/","showLockModifiedDate":true,"assessor":{"focusKeywordLink":"https:\/\/lyocake.com\/wp-admin\/edit.php?focus_keyword=%focus_keyword%&post_type=%post_type%","hasTOCPlugin":false,"primaryTaxonomy":{"title":"Kategori\u044f","name":"product_cat","singularLabel":"Kategori\u044f","restBase":"product_cat"},"serpData":{"title":"","description":"","focusKeywords":"","pillarContent":false,"canonicalUrl":"","breadcrumbTitle":"","advancedRobots":[],"facebookTitle":"","facebookDescription":"","facebookImage":"","facebookImageID":"","facebookHasOverlay":false,"facebookImageOverlay":"","facebookAuthor":"","twitterCardType":"","twitterUseFacebook":true,"twitterTitle":"","twitterDescription":"","twitterImage":"","twitterImageID":"","twitterHasOverlay":false,"twitterImageOverlay":"","twitterPlayerUrl":"","twitterPlayerSize":"","twitterPlayerStream":"","twitterPlayerStreamCtype":"","twitterAppDescription":"","twitterAppIphoneName":"","twitterAppIphoneID":"","twitterAppIphoneUrl":"","twitterAppIpadName":"","twitterAppIpadID":"","twitterAppIpadUrl":"","twitterAppGoogleplayName":"","twitterAppGoogleplayID":"","twitterAppGoogleplayUrl":"","twitterAppCountry":"","robots":{"index":true},"twitterAuthor":"im\u044f pol\u044czovatel\u044f","primaryTerm":0,"authorName":"khaus","titleTemplate":"%title% %sep% %sitename%","descriptionTemplate":"%excerpt%","showScoreFrontend":true,"lockModifiedDate":false},"powerWords":[],"diacritics":{"A":"[\\u0410\\u0430]","B":"[\\u0411\\u0431]","V":"[\\u0412\\u0432]","G":"[\\u0413\\u0433]","D":"[\\u0414\\u0434]","YE":"[\\u0415\\u0435]","YO":"[\\u0401\\u0451]","ZH":"[\\u0416\\u0436]","Z":"[\\u0417\\u0437]","EE":"[\\u0418\\u0438]","YI":"[\\u0419\\u0439]","K":"[\\u041A\\u043A]","L":"[\\u041B\\u043B]","M":"[\\u041C\\u043c]","P":"[\\u041F\\u043F]","T":"[\\u0422\\u0442]","U":"[\\u0423\\u0443]","F":"[\\u0424\\u0444]","H":"[\\u0425\\u0445]","TS":"[\\u0426\\u0446]","CH":"[\\u0427\\u0447]","SH":"[\\u0428\\u0448\\u0429\\u0449]","I":"[\\u042B\\u044B]","E":"[\\u042D\\u044D]","YU":"[\\u042E\\u044E]","YA":"[\\u042F\\u044F]","N":"[\\u041D\\u043D]"},"researchesTests":["contentHasTOC","contentHasShortParagraphs","contentHasAssets","keywordInTitle","keywordInMetaDescription","keywordInPermalink","keywordIn10Percent","keywordInContent","keywordInSubheadings","keywordInImageAlt","keywordDensity","keywordNotUsed","lengthContent","lengthPermalink","linksHasInternal","linksHasExternals","linksNotAllExternals","titleStartWithKeyword","titleSentiment","titleHasPowerWords","titleHasNumber","hasContentAI"],"hasRedirection":false,"hasBreadcrumb":false},"homeUrl":"https:\/\/lyocake.com\/ru\/","objectID":2153,"objectType":"post","locale":"ru","localeFull":"ru_RU","overlayImages":{"play":{"name":"Play ikonka","url":"https:\/\/lyocake.com\/wp-content\/plugins\/seo-by-rank-math\/assets\/admin\/img\/icon-play.png","path":"\/home\/lyocake\/web\/lyocake.com\/public_html\/wp-content\/plugins\/seo-by-rank-math\/assets\/admin\/img\/icon-play.png","position":"middle_center"},"gif":{"name":"GIF ikonka","url":"https:\/\/lyocake.com\/wp-content\/plugins\/seo-by-rank-math\/assets\/admin\/img\/icon-gif.png","path":"\/home\/lyocake\/web\/lyocake.com\/public_html\/wp-content\/plugins\/seo-by-rank-math\/assets\/admin\/img\/icon-gif.png","position":"middle_center"}},"defautOgImage":"https:\/\/lyocake.com\/wp-content\/uploads\/2023\/07\/facebook.jpg","customPermalinks":true,"isUserRegistered":true,"autoSuggestKeywords":true,"connectSiteUrl":"https:\/\/rankmath.com\/auth?site=https%3A%2F%2Flyocake.com%2Fru%2F&r=https%3A%2F%2Flyocake.com%2Fru%2Fwp-json%2Fwp%2Fv2%2Fpages%2F2067%3Fnonce%3D6b76224fd7","maxTags":5,"trendsIcon":"<svg viewBox=\"0 0 610 610\"><path d=\"M18.85,446,174.32,290.48l58.08,58.08L76.93,504a14.54,14.54,0,0,1-20.55,0L18.83,466.48a14.54,14.54,0,0,1,0-20.55Z\" style=\"fill:#4285f4\"\/><path d=\"M242.65,242.66,377.59,377.6l-47.75,47.75a14.54,14.54,0,0,1-20.55,0L174.37,290.43l47.75-47.75A14.52,14.52,0,0,1,242.65,242.66Z\" style=\"fill:#ea4335\"\/><polygon points=\"319.53 319.53 479.26 159.8 537.34 217.88 377.61 377.62 319.53 319.53\" style=\"fill:#fabb05\"\/><path d=\"M594.26,262.73V118.61h0a16.94,16.94,0,0,0-16.94-16.94H433.2a16.94,16.94,0,0,0-12,28.92L565.34,274.71h0a16.94,16.94,0,0,0,28.92-12Z\" style=\"fill:#34a853\"\/><rect width=\"610\" height=\"610\" style=\"fill:none\"\/><\/svg>","showScore":true,"siteFavIcon":"data:image\/png;base64,iVBORw0KGgoAAAANSUhEUgAAABAAAAAQCAYAAAAf8\/9hAAABs0lEQVR4AWL4\/\/8\/RRjO8Iucx+noO0MWUDo16FYABMGP6ZfUcRnWtm27jVPbtm3bttuH2t3eFPcY9pLz7NxiLjCyVd87pKnHyqXyxtCs8APd0rnyxiu4qSeA3QEDrAwBDrT1s1Rc\/OrjLZwqVmOSu6+Lamcpp2KKMA9PH1BYXMe1mUP5qotvXTywsOEEYHXxrY+3cqk6TMkYpNr2FeoY3KIr0RPtn9wQ2unlA+GMkRw6+9TFw4YTwDUzx\/JVvARj9KaedXRO8P5B1Du2S32smzqUrcKGEyA+uAgQjKX7zf0boWHGfn71jIKj2689gxp7OAGShNcBUmLMPVjZuiKcA2vuWHHDCQxMCz629kXAIU4ApY15QwggAFbfOP9DhgBJ+nWVJ1AZAfICAj1pAlY6hCADZnveQf7bQIwzVONGJonhLIlS9gr5mFg44Xd+4S3XHoGNPdJl1INIwKyEgHckEhgTe1bGiFY9GSFBYUwLh1IkiJUbY407E7syBSFxKTszEoiE\/YdrgCEayDmtaJwCI9uu8TKMuZSVfSa4BpGgzvomBR\/INhLGzrqDotp01ZR8pn\/1L0JN9d9XNyx0AAAAAElFTkSuQmCC","canUser":{"general":false,"advanced":false,"snippet":false,"social":false,"analysis":false,"analytics":false,"content_ai":false},"showKeywordIntent":true,"isPro":false,"is_front_page":false,"trendsUpgradeLink":"https:\/\/rankmath.com\/pricing\/?utm_source=Plugin&utm_medium=CE%20General%20Tab%20Trends&utm_campaign=WP","trendsUpgradeLabel":"Apgre\u0439d","trendsPreviewImage":"https:\/\/lyocake.com\/wp-content\/plugins\/seo-by-rank-math\/assets\/admin\/img\/trends-preview.jpg","currentEditor":false,"homepageData":{"assessor":{"powerWords":[],"diacritics":true,"researchesTests":["contentHasTOC","contentHasShortParagraphs","contentHasAssets","keywordInTitle","keywordInMetaDescription","keywordInPermalink","keywordIn10Percent","keywordInContent","keywordInSubheadings","keywordInImageAlt","keywordDensity","keywordNotUsed","lengthContent","lengthPermalink","linksHasInternal","linksHasExternals","linksNotAllExternals","titleStartWithKeyword","titleSentiment","titleHasPowerWords","titleHasNumber","hasContentAI"],"hasBreadcrumb":false,"serpData":{"title":"%sitename% %page% %sep% %sitedesc%","description":"","titleTemplate":"%sitename% %page% %sep% %sitedesc%","descriptionTemplate":"","focusKeywords":"","breadcrumbTitle":"Home","robots":{"index":true},"advancedRobots":[],"facebookTitle":"","facebookDescription":"","facebookImage":"","facebookImageID":""}}},"tocTitle":"Table of Contents","tocExcludeHeadings":[],"listStyle":"ul"},"_links":{"self":[{"href":"https:\/\/lyocake.com\/ru\/wp-json\/wp\/v2\/pages\/2067","targetHints":{"allow":["GET"]}}],"collection":[{"href":"https:\/\/lyocake.com\/ru\/wp-json\/wp\/v2\/pages"}],"about":[{"href":"https:\/\/lyocake.com\/ru\/wp-json\/wp\/v2\/types\/page"}],"author":[{"embeddable":true,"href":"https:\/\/lyocake.com\/ru\/wp-json\/wp\/v2\/users\/2"}],"replies":[{"embeddable":true,"href":"https:\/\/lyocake.com\/ru\/wp-json\/wp\/v2\/comments?post=2067"}],"version-history":[{"count":0,"href":"https:\/\/lyocake.com\/ru\/wp-json\/wp\/v2\/pages\/2067\/revisions"}],"wp:attachment":[{"href":"https:\/\/lyocake.com\/ru\/wp-json\/wp\/v2\/media?parent=2067"}],"curies":[{"name":"wp","href":"https:\/\/api.w.org\/{rel}","templated":true}]}}